{"id":6937,"date":"2024-04-15T17:32:20","date_gmt":"2024-04-15T15:32:20","guid":{"rendered":"https:\/\/www.aquapurtunisie.com\/product\/siata-v132\/"},"modified":"2024-04-23T17:22:17","modified_gmt":"2024-04-23T15:22:17","slug":"siata-v132","status":"publish","type":"product","link":"https:\/\/www.aquapurtunisie.com\/en\/product\/siata-v132\/","title":{"rendered":"SIATA V132"},"content":{"rendered":"","protected":false},"excerpt":{"rendered":"<p>Model V132 is a valve for residential applications with a flow rate of up to 7 m\u00b3\/h. Quick-connect clips allow easy installation and maintenance. In addition, the V132 has a hardness mixer (perfect for residential softeners up to 800 l\/h flow rate), de-sludging flow control (for filtration and demineralisation installations) and additional pressure point control (for all special applications).<\/p>\n","protected":false},"featured_media":6528,"template":"","meta":[],"product_cat":[81,79],"product_tag":[],"class_list":{"0":"post-6937","1":"product","2":"type-product","3":"status-publish","4":"has-post-thumbnail","6":"product_cat-softeners","7":"product_cat-water-treatment","9":"first","10":"instock","11":"shipping-taxable","12":"product-type-simple"},"yoast_head":"<!-- This site is optimized with the Yoast SEO plugin v22.5 - https:\/\/yoast.com\/wordpress\/plugins\/seo\/ -->\n<title>SIATA V132 | AQUA PUR Tunisie<\/title>\n<meta name=\"description\" content=\"Eau brute, Eaux us\u00e9es Permeat, Th, PH, Conductivit\u00e9, Redox, D\u00e9bit, Colmatage, Lavage chimique, Filtre \u00e0 sable, Adoucisseur, Filtre \u00e0 charbon,Filtre \u00e0 cartouche, Filtre multicartouche, Silex, Sel en pastille, Charbon, Antiscalant, Antitartre, Anticorrosion, Fer, R\u00e9sine d\u00e9frisante, Birm, D\u00e9sinfection, UV, Ph-metre, Conductim\u00e8tre, Redoxm\u00e8tre, Filmtec Toray, Metabisulfite, Hydronautics Vontron, Pompe multicellulaire, Pompe surpresseur, Pression, Pressostat, Debitmetre, Rotam\u00e8tre, Anthracite, Bouteille Structural, Bouteille pevesa, Osmoseur,Colmatage organique, Colmatage min\u00e9rale, Fleck, Autotrol, Pr\u00e9traitement, Compteur d&#039;eau r\u00e9gulation, Transmetteur Ph+, Ph, St\u00e9rilisation, Lampe uv, Testeur Th\" \/>\n<meta name=\"robots\" content=\"index, follow, max-snippet:-1, max-image-preview:large, max-video-preview:-1\" \/>\n<link rel=\"canonical\" href=\"https:\/\/www.aquapurtunisie.com\/en\/product\/siata-v132\/\" \/>\n<meta property=\"og:locale\" content=\"en_US\" \/>\n<meta property=\"og:type\" content=\"article\" \/>\n<meta property=\"og:title\" content=\"SIATA V132 | AQUA PUR Tunisie\" \/>\n<meta property=\"og:description\" content=\"Eau brute, Eaux us\u00e9es Permeat, Th, PH, Conductivit\u00e9, Redox, D\u00e9bit, Colmatage, Lavage chimique, Filtre \u00e0 sable, Adoucisseur, Filtre \u00e0 charbon,Filtre \u00e0 cartouche, Filtre multicartouche, Silex, Sel en pastille, Charbon, Antiscalant, Antitartre, Anticorrosion, Fer, R\u00e9sine d\u00e9frisante, Birm, D\u00e9sinfection, UV, Ph-metre, Conductim\u00e8tre, Redoxm\u00e8tre, Filmtec Toray, Metabisulfite, Hydronautics Vontron, Pompe multicellulaire, Pompe surpresseur, Pression, Pressostat, Debitmetre, Rotam\u00e8tre, Anthracite, Bouteille Structural, Bouteille pevesa, Osmoseur,Colmatage organique, Colmatage min\u00e9rale, Fleck, Autotrol, Pr\u00e9traitement, Compteur d&#039;eau r\u00e9gulation, Transmetteur Ph+, Ph, St\u00e9rilisation, Lampe uv, Testeur Th\" \/>\n<meta property=\"og:url\" content=\"https:\/\/www.aquapurtunisie.com\/en\/product\/siata-v132\/\" \/>\n<meta property=\"og:site_name\" content=\"AQUA PUR Tunisie\" \/>\n<meta property=\"article:modified_time\" content=\"2024-04-23T15:22:17+00:00\" \/>\n<meta property=\"og:image\" content=\"https:\/\/www.aquapurtunisie.com\/wp-content\/uploads\/2024\/04\/v132-black.jpg\" \/>\n\t<meta property=\"og:image:width\" content=\"800\" \/>\n\t<meta property=\"og:image:height\" content=\"800\" \/>\n\t<meta property=\"og:image:type\" content=\"image\/jpeg\" \/>\n<meta name=\"twitter:card\" content=\"summary_large_image\" \/>\n<script type=\"application\/ld+json\" class=\"yoast-schema-graph\">{\"@context\":\"https:\/\/schema.org\",\"@graph\":[{\"@type\":\"WebPage\",\"@id\":\"https:\/\/www.aquapurtunisie.com\/en\/product\/siata-v132\/\",\"url\":\"https:\/\/www.aquapurtunisie.com\/en\/product\/siata-v132\/\",\"name\":\"SIATA V132 | AQUA PUR Tunisie\",\"isPartOf\":{\"@id\":\"https:\/\/www.aquapurtunisie.com\/en\/#website\"},\"primaryImageOfPage\":{\"@id\":\"https:\/\/www.aquapurtunisie.com\/en\/product\/siata-v132\/#primaryimage\"},\"image\":{\"@id\":\"https:\/\/www.aquapurtunisie.com\/en\/product\/siata-v132\/#primaryimage\"},\"thumbnailUrl\":\"https:\/\/www.aquapurtunisie.com\/wp-content\/uploads\/2024\/04\/v132-black.jpg\",\"datePublished\":\"2024-04-15T15:32:20+00:00\",\"dateModified\":\"2024-04-23T15:22:17+00:00\",\"description\":\"Eau brute, Eaux us\u00e9es Permeat, Th, PH, Conductivit\u00e9, Redox, D\u00e9bit, Colmatage, Lavage chimique, Filtre \u00e0 sable, Adoucisseur, Filtre \u00e0 charbon,Filtre \u00e0 cartouche, Filtre multicartouche, Silex, Sel en pastille, Charbon, Antiscalant, Antitartre, Anticorrosion, Fer, R\u00e9sine d\u00e9frisante, Birm, D\u00e9sinfection, UV, Ph-metre, Conductim\u00e8tre, Redoxm\u00e8tre, Filmtec Toray, Metabisulfite, Hydronautics Vontron, Pompe multicellulaire, Pompe surpresseur, Pression, Pressostat, Debitmetre, Rotam\u00e8tre, Anthracite, Bouteille Structural, Bouteille pevesa, Osmoseur,Colmatage organique, Colmatage min\u00e9rale, Fleck, Autotrol, Pr\u00e9traitement, Compteur d'eau r\u00e9gulation, Transmetteur Ph+, Ph, St\u00e9rilisation, Lampe uv, Testeur Th\",\"breadcrumb\":{\"@id\":\"https:\/\/www.aquapurtunisie.com\/en\/product\/siata-v132\/#breadcrumb\"},\"inLanguage\":\"en-US\",\"potentialAction\":[{\"@type\":\"ReadAction\",\"target\":[\"https:\/\/www.aquapurtunisie.com\/en\/product\/siata-v132\/\"]}]},{\"@type\":\"ImageObject\",\"inLanguage\":\"en-US\",\"@id\":\"https:\/\/www.aquapurtunisie.com\/en\/product\/siata-v132\/#primaryimage\",\"url\":\"https:\/\/www.aquapurtunisie.com\/wp-content\/uploads\/2024\/04\/v132-black.jpg\",\"contentUrl\":\"https:\/\/www.aquapurtunisie.com\/wp-content\/uploads\/2024\/04\/v132-black.jpg\",\"width\":800,\"height\":800,\"caption\":\"Traitement des eaux Aqua Pur Tunisie\"},{\"@type\":\"BreadcrumbList\",\"@id\":\"https:\/\/www.aquapurtunisie.com\/en\/product\/siata-v132\/#breadcrumb\",\"itemListElement\":[{\"@type\":\"ListItem\",\"position\":1,\"name\":\"Accueil\",\"item\":\"https:\/\/www.aquapurtunisie.com\/en\/\"},{\"@type\":\"ListItem\",\"position\":2,\"name\":\"Produits\",\"item\":\"https:\/\/www.aquapurtunisie.com\/produits\/\"},{\"@type\":\"ListItem\",\"position\":3,\"name\":\"SIATA V132\"}]},{\"@type\":\"WebSite\",\"@id\":\"https:\/\/www.aquapurtunisie.com\/en\/#website\",\"url\":\"https:\/\/www.aquapurtunisie.com\/en\/\",\"name\":\"AQUA PUR Tunisie\",\"description\":\"Traitement des eaux en Tunisie\",\"potentialAction\":[{\"@type\":\"SearchAction\",\"target\":{\"@type\":\"EntryPoint\",\"urlTemplate\":\"https:\/\/www.aquapurtunisie.com\/en\/?s={search_term_string}\"},\"query-input\":\"required name=search_term_string\"}],\"inLanguage\":\"en-US\"}]}<\/script>\n<!-- \/ Yoast SEO plugin. -->","yoast_head_json":{"title":"SIATA V132 | AQUA PUR Tunisie","description":"Eau brute, Eaux us\u00e9es Permeat, Th, PH, Conductivit\u00e9, Redox, D\u00e9bit, Colmatage, Lavage chimique, Filtre \u00e0 sable, Adoucisseur, Filtre \u00e0 charbon,Filtre \u00e0 cartouche, Filtre multicartouche, Silex, Sel en pastille, Charbon, Antiscalant, Antitartre, Anticorrosion, Fer, R\u00e9sine d\u00e9frisante, Birm, D\u00e9sinfection, UV, Ph-metre, Conductim\u00e8tre, Redoxm\u00e8tre, Filmtec Toray, Metabisulfite, Hydronautics Vontron, Pompe multicellulaire, Pompe surpresseur, Pression, Pressostat, Debitmetre, Rotam\u00e8tre, Anthracite, Bouteille Structural, Bouteille pevesa, Osmoseur,Colmatage organique, Colmatage min\u00e9rale, Fleck, Autotrol, Pr\u00e9traitement, Compteur d'eau r\u00e9gulation, Transmetteur Ph+, Ph, St\u00e9rilisation, Lampe uv, Testeur Th","robots":{"index":"index","follow":"follow","max-snippet":"max-snippet:-1","max-image-preview":"max-image-preview:large","max-video-preview":"max-video-preview:-1"},"canonical":"https:\/\/www.aquapurtunisie.com\/en\/product\/siata-v132\/","og_locale":"en_US","og_type":"article","og_title":"SIATA V132 | AQUA PUR Tunisie","og_description":"Eau brute, Eaux us\u00e9es Permeat, Th, PH, Conductivit\u00e9, Redox, D\u00e9bit, Colmatage, Lavage chimique, Filtre \u00e0 sable, Adoucisseur, Filtre \u00e0 charbon,Filtre \u00e0 cartouche, Filtre multicartouche, Silex, Sel en pastille, Charbon, Antiscalant, Antitartre, Anticorrosion, Fer, R\u00e9sine d\u00e9frisante, Birm, D\u00e9sinfection, UV, Ph-metre, Conductim\u00e8tre, Redoxm\u00e8tre, Filmtec Toray, Metabisulfite, Hydronautics Vontron, Pompe multicellulaire, Pompe surpresseur, Pression, Pressostat, Debitmetre, Rotam\u00e8tre, Anthracite, Bouteille Structural, Bouteille pevesa, Osmoseur,Colmatage organique, Colmatage min\u00e9rale, Fleck, Autotrol, Pr\u00e9traitement, Compteur d'eau r\u00e9gulation, Transmetteur Ph+, Ph, St\u00e9rilisation, Lampe uv, Testeur Th","og_url":"https:\/\/www.aquapurtunisie.com\/en\/product\/siata-v132\/","og_site_name":"AQUA PUR Tunisie","article_modified_time":"2024-04-23T15:22:17+00:00","og_image":[{"width":800,"height":800,"url":"https:\/\/www.aquapurtunisie.com\/wp-content\/uploads\/2024\/04\/v132-black.jpg","type":"image\/jpeg"}],"twitter_card":"summary_large_image","schema":{"@context":"https:\/\/schema.org","@graph":[{"@type":"WebPage","@id":"https:\/\/www.aquapurtunisie.com\/en\/product\/siata-v132\/","url":"https:\/\/www.aquapurtunisie.com\/en\/product\/siata-v132\/","name":"SIATA V132 | AQUA PUR Tunisie","isPartOf":{"@id":"https:\/\/www.aquapurtunisie.com\/en\/#website"},"primaryImageOfPage":{"@id":"https:\/\/www.aquapurtunisie.com\/en\/product\/siata-v132\/#primaryimage"},"image":{"@id":"https:\/\/www.aquapurtunisie.com\/en\/product\/siata-v132\/#primaryimage"},"thumbnailUrl":"https:\/\/www.aquapurtunisie.com\/wp-content\/uploads\/2024\/04\/v132-black.jpg","datePublished":"2024-04-15T15:32:20+00:00","dateModified":"2024-04-23T15:22:17+00:00","description":"Eau brute, Eaux us\u00e9es Permeat, Th, PH, Conductivit\u00e9, Redox, D\u00e9bit, Colmatage, Lavage chimique, Filtre \u00e0 sable, Adoucisseur, Filtre \u00e0 charbon,Filtre \u00e0 cartouche, Filtre multicartouche, Silex, Sel en pastille, Charbon, Antiscalant, Antitartre, Anticorrosion, Fer, R\u00e9sine d\u00e9frisante, Birm, D\u00e9sinfection, UV, Ph-metre, Conductim\u00e8tre, Redoxm\u00e8tre, Filmtec Toray, Metabisulfite, Hydronautics Vontron, Pompe multicellulaire, Pompe surpresseur, Pression, Pressostat, Debitmetre, Rotam\u00e8tre, Anthracite, Bouteille Structural, Bouteille pevesa, Osmoseur,Colmatage organique, Colmatage min\u00e9rale, Fleck, Autotrol, Pr\u00e9traitement, Compteur d'eau r\u00e9gulation, Transmetteur Ph+, Ph, St\u00e9rilisation, Lampe uv, Testeur Th","breadcrumb":{"@id":"https:\/\/www.aquapurtunisie.com\/en\/product\/siata-v132\/#breadcrumb"},"inLanguage":"en-US","potentialAction":[{"@type":"ReadAction","target":["https:\/\/www.aquapurtunisie.com\/en\/product\/siata-v132\/"]}]},{"@type":"ImageObject","inLanguage":"en-US","@id":"https:\/\/www.aquapurtunisie.com\/en\/product\/siata-v132\/#primaryimage","url":"https:\/\/www.aquapurtunisie.com\/wp-content\/uploads\/2024\/04\/v132-black.jpg","contentUrl":"https:\/\/www.aquapurtunisie.com\/wp-content\/uploads\/2024\/04\/v132-black.jpg","width":800,"height":800,"caption":"Traitement des eaux Aqua Pur Tunisie"},{"@type":"BreadcrumbList","@id":"https:\/\/www.aquapurtunisie.com\/en\/product\/siata-v132\/#breadcrumb","itemListElement":[{"@type":"ListItem","position":1,"name":"Accueil","item":"https:\/\/www.aquapurtunisie.com\/en\/"},{"@type":"ListItem","position":2,"name":"Produits","item":"https:\/\/www.aquapurtunisie.com\/produits\/"},{"@type":"ListItem","position":3,"name":"SIATA V132"}]},{"@type":"WebSite","@id":"https:\/\/www.aquapurtunisie.com\/en\/#website","url":"https:\/\/www.aquapurtunisie.com\/en\/","name":"AQUA PUR Tunisie","description":"Traitement des eaux en Tunisie","potentialAction":[{"@type":"SearchAction","target":{"@type":"EntryPoint","urlTemplate":"https:\/\/www.aquapurtunisie.com\/en\/?s={search_term_string}"},"query-input":"required name=search_term_string"}],"inLanguage":"en-US"}]}},"_links":{"self":[{"href":"https:\/\/www.aquapurtunisie.com\/en\/wp-json\/wp\/v2\/product\/6937","targetHints":{"allow":["GET"]}}],"collection":[{"href":"https:\/\/www.aquapurtunisie.com\/en\/wp-json\/wp\/v2\/product"}],"about":[{"href":"https:\/\/www.aquapurtunisie.com\/en\/wp-json\/wp\/v2\/types\/product"}],"wp:featuredmedia":[{"embeddable":true,"href":"https:\/\/www.aquapurtunisie.com\/en\/wp-json\/wp\/v2\/media\/6528"}],"wp:attachment":[{"href":"https:\/\/www.aquapurtunisie.com\/en\/wp-json\/wp\/v2\/media?parent=6937"}],"wp:term":[{"taxonomy":"product_cat","embeddable":true,"href":"https:\/\/www.aquapurtunisie.com\/en\/wp-json\/wp\/v2\/product_cat?post=6937"},{"taxonomy":"product_tag","embeddable":true,"href":"https:\/\/www.aquapurtunisie.com\/en\/wp-json\/wp\/v2\/product_tag?post=6937"}],"curies":[{"name":"wp","href":"https:\/\/api.w.org\/{rel}","templated":true}]}}