{"id":6800,"date":"2024-04-19T13:10:21","date_gmt":"2024-04-19T11:10:21","guid":{"rendered":"https:\/\/www.aquapurtunisie.com\/?page_id=6800"},"modified":"2024-04-19T13:10:21","modified_gmt":"2024-04-19T11:10:21","slug":"commissioning-new-used","status":"publish","type":"page","link":"https:\/\/www.aquapurtunisie.com\/en\/boiler\/commissioning-new-used\/","title":{"rendered":"Commissioning New\/Used"},"content":{"rendered":"\t\t<div data-elementor-type=\"wp-page\" data-elementor-id=\"6800\" class=\"elementor elementor-6800\">\n\t\t\t\t<div class=\"elementor-element elementor-element-c36d1fb e-flex e-con-boxed e-con e-parent\" data-id=\"c36d1fb\" data-element_type=\"container\" data-core-v316-plus=\"true\">\n\t\t\t\t\t<div class=\"e-con-inner\">\n\t\t<div class=\"elementor-element elementor-element-9f8d942 e-con-full e-flex e-con e-child\" data-id=\"9f8d942\" data-element_type=\"container\">\n\t\t\n\t\t<div class=\"elementor-element elementor-element-4a215c3 elementor-widget elementor-widget-text-editor\" data-id=\"4a215c3\" data-element_type=\"widget\" data-widget_type=\"text-editor.default\">\n\t\t\t\t<div class=\"elementor-widget-container\">\n\t\t\t<style>\/*! elementor - v3.20.0 - 20-03-2024 *\/\n.elementor-widget-text-editor.elementor-drop-cap-view-stacked .elementor-drop-cap{background-color:#69727d;color:#fff}.elementor-widget-text-editor.elementor-drop-cap-view-framed .elementor-drop-cap{color:#69727d;border:3px solid;background-color:transparent}.elementor-widget-text-editor:not(.elementor-drop-cap-view-default) .elementor-drop-cap{margin-top:8px}.elementor-widget-text-editor:not(.elementor-drop-cap-view-default) .elementor-drop-cap-letter{width:1em;height:1em}.elementor-widget-text-editor .elementor-drop-cap{float:left;text-align:center;line-height:1;font-size:50px}.elementor-widget-text-editor .elementor-drop-cap-letter{display:inline-block}<\/style>\t\t\t\t<p>V\u00e9rification de la conformit\u00e9 de l&#8217;installation.<br \/>La mise en eau, raccordements et \u00e9vacuation des produits de combustion.<br \/>R\u00e9glages de l&#8217;appareil et le contr\u00f4le des organes de s\u00e9curit\u00e9.<\/p><p>Nos professionnels vous d\u00e9livreront des explications et des conseils pratiques n\u00e9cessaires pour le bon fonctionnement de votre chaudi\u00e8re.<\/p><p>\u00a0<\/p>\t\t\t\t\t\t<\/div>\n\t\t\t\t<\/div>\n\t\t\t\t<\/div>\n\t\t<div class=\"elementor-element elementor-element-67b6d67 e-con-full e-flex e-con e-child\" data-id=\"67b6d67\" data-element_type=\"container\">\n\t\t\t\t<div class=\"elementor-element elementor-element-58f33d3 elementor-widget elementor-widget-image\" data-id=\"58f33d3\" data-element_type=\"widget\" data-widget_type=\"image.default\">\n\t\t\t\t<div class=\"elementor-widget-container\">\n\t\t\t<style>\/*! elementor - v3.20.0 - 20-03-2024 *\/\n.elementor-widget-image{text-align:center}.elementor-widget-image a{display:inline-block}.elementor-widget-image a img[src$=\".svg\"]{width:48px}.elementor-widget-image img{vertical-align:middle;display:inline-block}<\/style>\t\t\t\t\t\t\t\t\t\t<img fetchpriority=\"high\" decoding=\"async\" width=\"751\" height=\"903\" src=\"https:\/\/www.aquapurtunisie.com\/wp-content\/uploads\/2024\/04\/pixelcut-export-3-min.jpg\" class=\"attachment-large size-large wp-image-6583\" alt=\"Traitement des eaux Aqua Pur Tunisie\" srcset=\"https:\/\/www.aquapurtunisie.com\/wp-content\/uploads\/2024\/04\/pixelcut-export-3-min.jpg 800w, https:\/\/www.aquapurtunisie.com\/wp-content\/uploads\/2024\/04\/pixelcut-export-3-min-249x300.jpg 249w, https:\/\/www.aquapurtunisie.com\/wp-content\/uploads\/2024\/04\/pixelcut-export-3-min-768x924.jpg 768w, https:\/\/www.aquapurtunisie.com\/wp-content\/uploads\/2024\/04\/pixelcut-export-3-min-600x722.jpg 600w\" sizes=\"(max-width: 751px) 100vw, 751px\" \/>\t\t\t\t\t\t\t\t\t\t\t\t\t<\/div>\n\t\t\t\t<\/div>\n\t\t\t\t<\/div>\n\t\t\t\t\t<\/div>\n\t\t\t\t<\/div>\n\t\t<div class=\"elementor-element elementor-element-6d31f5e e-flex e-con-boxed e-con e-parent\" data-id=\"6d31f5e\" data-element_type=\"container\" data-core-v316-plus=\"true\">\n\t\t\t\t\t<div class=\"e-con-inner\">\n\t\t<div class=\"elementor-element elementor-element-6854d12 e-con-full e-flex e-con e-child\" data-id=\"6854d12\" data-element_type=\"container\">\n\t\t\t\t<div class=\"elementor-element elementor-element-b57cccb elementor-widget elementor-widget-image\" data-id=\"b57cccb\" data-element_type=\"widget\" data-widget_type=\"image.default\">\n\t\t\t\t<div class=\"elementor-widget-container\">\n\t\t\t\t\t\t\t\t\t\t\t\t\t<img decoding=\"async\" width=\"751\" height=\"903\" src=\"https:\/\/www.aquapurtunisie.com\/wp-content\/uploads\/2024\/04\/pixelcut-export-32227-min-1.jpg\" class=\"attachment-large size-large wp-image-6585\" alt=\"Traitement des eaux Aqua Pur Tunisie\" srcset=\"https:\/\/www.aquapurtunisie.com\/wp-content\/uploads\/2024\/04\/pixelcut-export-32227-min-1.jpg 800w, https:\/\/www.aquapurtunisie.com\/wp-content\/uploads\/2024\/04\/pixelcut-export-32227-min-1-249x300.jpg 249w, https:\/\/www.aquapurtunisie.com\/wp-content\/uploads\/2024\/04\/pixelcut-export-32227-min-1-768x924.jpg 768w, https:\/\/www.aquapurtunisie.com\/wp-content\/uploads\/2024\/04\/pixelcut-export-32227-min-1-600x722.jpg 600w\" sizes=\"(max-width: 751px) 100vw, 751px\" \/>\t\t\t\t\t\t\t\t\t\t\t\t\t<\/div>\n\t\t\t\t<\/div>\n\t\t\t\t<\/div>\n\t\t<div class=\"elementor-element elementor-element-1ff36b0 e-con-full e-flex e-con e-child\" data-id=\"1ff36b0\" data-element_type=\"container\">\n\t\t\t\t<div class=\"elementor-element elementor-element-f15341e elementor-widget elementor-widget-text-editor\" data-id=\"f15341e\" data-element_type=\"widget\" data-widget_type=\"text-editor.default\">\n\t\t\t\t<div class=\"elementor-widget-container\">\n\t\t\t\t\t\t\t<p>Pour v\u00e9rifier le d\u00e9marrage de toute chaudi\u00e8re, nous contr\u00f4lons la pression et le niveau d\u2019eau. Nous v\u00e9rifions ensuite l&#8217;\u00e9lectricit\u00e9 et contr\u00f4lons le bon fonctionnement des fusibles. Il importe aussi de v\u00e9rifier les points suivants:<\/p><ul><li>Piles des programmateurs.<\/li><li>Tube du conduit de chemin\u00e9e.<\/li><li>\u00c9tat de la chemin\u00e9e.<\/li><li>Ventilation du local de votre chaudi\u00e8re.<\/li><\/ul>\t\t\t\t\t\t<\/div>\n\t\t\t\t<\/div>\n\t\t\t\t<\/div>\n\t\t\t\t\t<\/div>\n\t\t\t\t<\/div>\n\t\t<div class=\"elementor-element elementor-element-c34adfe e-flex e-con-boxed e-con e-parent\" data-id=\"c34adfe\" data-element_type=\"container\" data-core-v316-plus=\"true\">\n\t\t\t\t\t<div class=\"e-con-inner\">\n\t\t<div class=\"elementor-element elementor-element-860a273 e-con-full e-flex e-con e-child\" data-id=\"860a273\" data-element_type=\"container\">\n\t\t\t\t<div class=\"elementor-element elementor-element-34fbdce elementor-widget elementor-widget-text-editor\" data-id=\"34fbdce\" data-element_type=\"widget\" data-widget_type=\"text-editor.default\">\n\t\t\t\t<div class=\"elementor-widget-container\">\n\t\t\t\t\t\t\t<p>Afin d&#8217;avoir plus de d\u00e9tails sur nos prestations, n&#8217;h\u00e9sitez pas \u00e0 <a href=\"https:\/\/www.aquapurtunisie.com\/contact\/\">nous contacter.<\/a><\/p>\t\t\t\t\t\t<\/div>\n\t\t\t\t<\/div>\n\t\t\t\t<\/div>\n\t\t<div class=\"elementor-element elementor-element-bc1efa1 e-con-full e-flex e-con e-child\" data-id=\"bc1efa1\" data-element_type=\"container\">\n\t\t\t\t<div class=\"elementor-element elementor-element-1dd34b2 elementor-widget elementor-widget-image\" data-id=\"1dd34b2\" data-element_type=\"widget\" data-widget_type=\"image.default\">\n\t\t\t\t<div class=\"elementor-widget-container\">\n\t\t\t\t\t\t\t\t\t\t\t\t\t<img decoding=\"async\" width=\"751\" height=\"903\" src=\"https:\/\/www.aquapurtunisie.com\/wp-content\/uploads\/2024\/04\/pixelcut-export-32227-min-1222-min.jpg\" class=\"attachment-large size-large wp-image-6597\" alt=\"Traitement des eaux Aqua Pur Tunisie\" srcset=\"https:\/\/www.aquapurtunisie.com\/wp-content\/uploads\/2024\/04\/pixelcut-export-32227-min-1222-min.jpg 800w, https:\/\/www.aquapurtunisie.com\/wp-content\/uploads\/2024\/04\/pixelcut-export-32227-min-1222-min-249x300.jpg 249w, https:\/\/www.aquapurtunisie.com\/wp-content\/uploads\/2024\/04\/pixelcut-export-32227-min-1222-min-768x924.jpg 768w, https:\/\/www.aquapurtunisie.com\/wp-content\/uploads\/2024\/04\/pixelcut-export-32227-min-1222-min-600x722.jpg 600w\" sizes=\"(max-width: 751px) 100vw, 751px\" \/>\t\t\t\t\t\t\t\t\t\t\t\t\t<\/div>\n\t\t\t\t<\/div>\n\t\t\t\t<\/div>\n\t\t\t\t\t<\/div>\n\t\t\t\t<\/div>\n\t\t\t\t<\/div>\n\t\t","protected":false},"excerpt":{"rendered":"<p>V\u00e9rification de la conformit\u00e9 de l&#8217;installation. La mise en eau, raccordements et \u00e9vacuation des produits de combustion. R\u00e9glages de l&#8217;appareil et le contr\u00f4le des organes de s\u00e9curit\u00e9. Nos professionnels vous d\u00e9livreront des explications et des conseils pratiques n\u00e9cessaires pour le bon fonctionnement de votre chaudi\u00e8re. &nbsp; Pour v\u00e9rifier le d\u00e9marrage de toute chaudi\u00e8re, nous contr\u00f4lons&#8230;<\/p>\n","protected":false},"author":1,"featured_media":0,"parent":6787,"menu_order":0,"comment_status":"closed","ping_status":"closed","template":"elementor_header_footer","meta":{"footnotes":""},"class_list":["post-6800","page","type-page","status-publish","hentry"],"yoast_head":"<!-- This site is optimized with the Yoast SEO plugin v22.5 - https:\/\/yoast.com\/wordpress\/plugins\/seo\/ -->\n<title>Commissioning New\/Used | AQUA PUR Tunisie<\/title>\n<meta name=\"description\" content=\"Eau brute, Eaux us\u00e9es Permeat, Th, PH, Conductivit\u00e9, Redox, D\u00e9bit, Colmatage, Lavage chimique, Filtre \u00e0 sable, Adoucisseur, Filtre \u00e0 charbon,Filtre \u00e0 cartouche, Filtre multicartouche, Silex, Sel en pastille, Charbon, Antiscalant, Antitartre, Anticorrosion, Fer, R\u00e9sine d\u00e9frisante, Birm, D\u00e9sinfection, UV, Ph-metre, Conductim\u00e8tre, Redoxm\u00e8tre, Filmtec Toray, Metabisulfite, Hydronautics Vontron, Pompe multicellulaire, Pompe surpresseur, Pression, Pressostat, Debitmetre, Rotam\u00e8tre, Anthracite, Bouteille Structural, Bouteille pevesa, Osmoseur,Colmatage organique, Colmatage min\u00e9rale, Fleck, Autotrol, Pr\u00e9traitement, Compteur d&#039;eau r\u00e9gulation, Transmetteur Ph+, Ph, St\u00e9rilisation, Lampe uv, Testeur Th\" \/>\n<meta name=\"robots\" content=\"index, follow, max-snippet:-1, max-image-preview:large, max-video-preview:-1\" \/>\n<link rel=\"canonical\" href=\"https:\/\/www.aquapurtunisie.com\/en\/boiler\/commissioning-new-used\/\" \/>\n<meta property=\"og:locale\" content=\"en_US\" \/>\n<meta property=\"og:type\" content=\"article\" \/>\n<meta property=\"og:title\" content=\"Commissioning New\/Used | AQUA PUR Tunisie\" \/>\n<meta property=\"og:description\" content=\"Eau brute, Eaux us\u00e9es Permeat, Th, PH, Conductivit\u00e9, Redox, D\u00e9bit, Colmatage, Lavage chimique, Filtre \u00e0 sable, Adoucisseur, Filtre \u00e0 charbon,Filtre \u00e0 cartouche, Filtre multicartouche, Silex, Sel en pastille, Charbon, Antiscalant, Antitartre, Anticorrosion, Fer, R\u00e9sine d\u00e9frisante, Birm, D\u00e9sinfection, UV, Ph-metre, Conductim\u00e8tre, Redoxm\u00e8tre, Filmtec Toray, Metabisulfite, Hydronautics Vontron, Pompe multicellulaire, Pompe surpresseur, Pression, Pressostat, Debitmetre, Rotam\u00e8tre, Anthracite, Bouteille Structural, Bouteille pevesa, Osmoseur,Colmatage organique, Colmatage min\u00e9rale, Fleck, Autotrol, Pr\u00e9traitement, Compteur d&#039;eau r\u00e9gulation, Transmetteur Ph+, Ph, St\u00e9rilisation, Lampe uv, Testeur Th\" \/>\n<meta property=\"og:url\" content=\"https:\/\/www.aquapurtunisie.com\/en\/boiler\/commissioning-new-used\/\" \/>\n<meta property=\"og:site_name\" content=\"AQUA PUR Tunisie\" \/>\n<meta property=\"og:image\" content=\"https:\/\/www.aquapurtunisie.com\/wp-content\/uploads\/2024\/04\/pixelcut-export-3-min.jpg\" \/>\n<meta name=\"twitter:card\" content=\"summary_large_image\" \/>\n<meta name=\"twitter:label1\" content=\"Est. reading time\" \/>\n\t<meta name=\"twitter:data1\" content=\"1 minute\" \/>\n<script type=\"application\/ld+json\" class=\"yoast-schema-graph\">{\"@context\":\"https:\/\/schema.org\",\"@graph\":[{\"@type\":\"WebPage\",\"@id\":\"https:\/\/www.aquapurtunisie.com\/en\/boiler\/commissioning-new-used\/\",\"url\":\"https:\/\/www.aquapurtunisie.com\/en\/boiler\/commissioning-new-used\/\",\"name\":\"Commissioning New\/Used | AQUA PUR Tunisie\",\"isPartOf\":{\"@id\":\"https:\/\/www.aquapurtunisie.com\/en\/#website\"},\"primaryImageOfPage\":{\"@id\":\"https:\/\/www.aquapurtunisie.com\/en\/boiler\/commissioning-new-used\/#primaryimage\"},\"image\":{\"@id\":\"https:\/\/www.aquapurtunisie.com\/en\/boiler\/commissioning-new-used\/#primaryimage\"},\"thumbnailUrl\":\"https:\/\/www.aquapurtunisie.com\/wp-content\/uploads\/2024\/04\/pixelcut-export-3-min.jpg\",\"datePublished\":\"2024-04-19T11:10:21+00:00\",\"dateModified\":\"2024-04-19T11:10:21+00:00\",\"description\":\"Eau brute, Eaux us\u00e9es Permeat, Th, PH, Conductivit\u00e9, Redox, D\u00e9bit, Colmatage, Lavage chimique, Filtre \u00e0 sable, Adoucisseur, Filtre \u00e0 charbon,Filtre \u00e0 cartouche, Filtre multicartouche, Silex, Sel en pastille, Charbon, Antiscalant, Antitartre, Anticorrosion, Fer, R\u00e9sine d\u00e9frisante, Birm, D\u00e9sinfection, UV, Ph-metre, Conductim\u00e8tre, Redoxm\u00e8tre, Filmtec Toray, Metabisulfite, Hydronautics Vontron, Pompe multicellulaire, Pompe surpresseur, Pression, Pressostat, Debitmetre, Rotam\u00e8tre, Anthracite, Bouteille Structural, Bouteille pevesa, Osmoseur,Colmatage organique, Colmatage min\u00e9rale, Fleck, Autotrol, Pr\u00e9traitement, Compteur d'eau r\u00e9gulation, Transmetteur Ph+, Ph, St\u00e9rilisation, Lampe uv, Testeur Th\",\"breadcrumb\":{\"@id\":\"https:\/\/www.aquapurtunisie.com\/en\/boiler\/commissioning-new-used\/#breadcrumb\"},\"inLanguage\":\"en-US\",\"potentialAction\":[{\"@type\":\"ReadAction\",\"target\":[\"https:\/\/www.aquapurtunisie.com\/en\/boiler\/commissioning-new-used\/\"]}]},{\"@type\":\"ImageObject\",\"inLanguage\":\"en-US\",\"@id\":\"https:\/\/www.aquapurtunisie.com\/en\/boiler\/commissioning-new-used\/#primaryimage\",\"url\":\"https:\/\/www.aquapurtunisie.com\/wp-content\/uploads\/2024\/04\/pixelcut-export-3-min.jpg\",\"contentUrl\":\"https:\/\/www.aquapurtunisie.com\/wp-content\/uploads\/2024\/04\/pixelcut-export-3-min.jpg\"},{\"@type\":\"BreadcrumbList\",\"@id\":\"https:\/\/www.aquapurtunisie.com\/en\/boiler\/commissioning-new-used\/#breadcrumb\",\"itemListElement\":[{\"@type\":\"ListItem\",\"position\":1,\"name\":\"Accueil\",\"item\":\"https:\/\/www.aquapurtunisie.com\/en\/\"},{\"@type\":\"ListItem\",\"position\":2,\"name\":\"Boiler\",\"item\":\"https:\/\/www.aquapurtunisie.com\/en\/boiler\/\"},{\"@type\":\"ListItem\",\"position\":3,\"name\":\"Commissioning New\/Used\"}]},{\"@type\":\"WebSite\",\"@id\":\"https:\/\/www.aquapurtunisie.com\/en\/#website\",\"url\":\"https:\/\/www.aquapurtunisie.com\/en\/\",\"name\":\"AQUA PUR Tunisie\",\"description\":\"Traitement des eaux en Tunisie\",\"potentialAction\":[{\"@type\":\"SearchAction\",\"target\":{\"@type\":\"EntryPoint\",\"urlTemplate\":\"https:\/\/www.aquapurtunisie.com\/en\/?s={search_term_string}\"},\"query-input\":\"required name=search_term_string\"}],\"inLanguage\":\"en-US\"}]}<\/script>\n<!-- \/ Yoast SEO plugin. -->","yoast_head_json":{"title":"Commissioning New\/Used | AQUA PUR Tunisie","description":"Eau brute, Eaux us\u00e9es Permeat, Th, PH, Conductivit\u00e9, Redox, D\u00e9bit, Colmatage, Lavage chimique, Filtre \u00e0 sable, Adoucisseur, Filtre \u00e0 charbon,Filtre \u00e0 cartouche, Filtre multicartouche, Silex, Sel en pastille, Charbon, Antiscalant, Antitartre, Anticorrosion, Fer, R\u00e9sine d\u00e9frisante, Birm, D\u00e9sinfection, UV, Ph-metre, Conductim\u00e8tre, Redoxm\u00e8tre, Filmtec Toray, Metabisulfite, Hydronautics Vontron, Pompe multicellulaire, Pompe surpresseur, Pression, Pressostat, Debitmetre, Rotam\u00e8tre, Anthracite, Bouteille Structural, Bouteille pevesa, Osmoseur,Colmatage organique, Colmatage min\u00e9rale, Fleck, Autotrol, Pr\u00e9traitement, Compteur d'eau r\u00e9gulation, Transmetteur Ph+, Ph, St\u00e9rilisation, Lampe uv, Testeur Th","robots":{"index":"index","follow":"follow","max-snippet":"max-snippet:-1","max-image-preview":"max-image-preview:large","max-video-preview":"max-video-preview:-1"},"canonical":"https:\/\/www.aquapurtunisie.com\/en\/boiler\/commissioning-new-used\/","og_locale":"en_US","og_type":"article","og_title":"Commissioning New\/Used | AQUA PUR Tunisie","og_description":"Eau brute, Eaux us\u00e9es Permeat, Th, PH, Conductivit\u00e9, Redox, D\u00e9bit, Colmatage, Lavage chimique, Filtre \u00e0 sable, Adoucisseur, Filtre \u00e0 charbon,Filtre \u00e0 cartouche, Filtre multicartouche, Silex, Sel en pastille, Charbon, Antiscalant, Antitartre, Anticorrosion, Fer, R\u00e9sine d\u00e9frisante, Birm, D\u00e9sinfection, UV, Ph-metre, Conductim\u00e8tre, Redoxm\u00e8tre, Filmtec Toray, Metabisulfite, Hydronautics Vontron, Pompe multicellulaire, Pompe surpresseur, Pression, Pressostat, Debitmetre, Rotam\u00e8tre, Anthracite, Bouteille Structural, Bouteille pevesa, Osmoseur,Colmatage organique, Colmatage min\u00e9rale, Fleck, Autotrol, Pr\u00e9traitement, Compteur d'eau r\u00e9gulation, Transmetteur Ph+, Ph, St\u00e9rilisation, Lampe uv, Testeur Th","og_url":"https:\/\/www.aquapurtunisie.com\/en\/boiler\/commissioning-new-used\/","og_site_name":"AQUA PUR Tunisie","og_image":[{"url":"https:\/\/www.aquapurtunisie.com\/wp-content\/uploads\/2024\/04\/pixelcut-export-3-min.jpg"}],"twitter_card":"summary_large_image","twitter_misc":{"Est. reading time":"1 minute"},"schema":{"@context":"https:\/\/schema.org","@graph":[{"@type":"WebPage","@id":"https:\/\/www.aquapurtunisie.com\/en\/boiler\/commissioning-new-used\/","url":"https:\/\/www.aquapurtunisie.com\/en\/boiler\/commissioning-new-used\/","name":"Commissioning New\/Used | AQUA PUR Tunisie","isPartOf":{"@id":"https:\/\/www.aquapurtunisie.com\/en\/#website"},"primaryImageOfPage":{"@id":"https:\/\/www.aquapurtunisie.com\/en\/boiler\/commissioning-new-used\/#primaryimage"},"image":{"@id":"https:\/\/www.aquapurtunisie.com\/en\/boiler\/commissioning-new-used\/#primaryimage"},"thumbnailUrl":"https:\/\/www.aquapurtunisie.com\/wp-content\/uploads\/2024\/04\/pixelcut-export-3-min.jpg","datePublished":"2024-04-19T11:10:21+00:00","dateModified":"2024-04-19T11:10:21+00:00","description":"Eau brute, Eaux us\u00e9es Permeat, Th, PH, Conductivit\u00e9, Redox, D\u00e9bit, Colmatage, Lavage chimique, Filtre \u00e0 sable, Adoucisseur, Filtre \u00e0 charbon,Filtre \u00e0 cartouche, Filtre multicartouche, Silex, Sel en pastille, Charbon, Antiscalant, Antitartre, Anticorrosion, Fer, R\u00e9sine d\u00e9frisante, Birm, D\u00e9sinfection, UV, Ph-metre, Conductim\u00e8tre, Redoxm\u00e8tre, Filmtec Toray, Metabisulfite, Hydronautics Vontron, Pompe multicellulaire, Pompe surpresseur, Pression, Pressostat, Debitmetre, Rotam\u00e8tre, Anthracite, Bouteille Structural, Bouteille pevesa, Osmoseur,Colmatage organique, Colmatage min\u00e9rale, Fleck, Autotrol, Pr\u00e9traitement, Compteur d'eau r\u00e9gulation, Transmetteur Ph+, Ph, St\u00e9rilisation, Lampe uv, Testeur Th","breadcrumb":{"@id":"https:\/\/www.aquapurtunisie.com\/en\/boiler\/commissioning-new-used\/#breadcrumb"},"inLanguage":"en-US","potentialAction":[{"@type":"ReadAction","target":["https:\/\/www.aquapurtunisie.com\/en\/boiler\/commissioning-new-used\/"]}]},{"@type":"ImageObject","inLanguage":"en-US","@id":"https:\/\/www.aquapurtunisie.com\/en\/boiler\/commissioning-new-used\/#primaryimage","url":"https:\/\/www.aquapurtunisie.com\/wp-content\/uploads\/2024\/04\/pixelcut-export-3-min.jpg","contentUrl":"https:\/\/www.aquapurtunisie.com\/wp-content\/uploads\/2024\/04\/pixelcut-export-3-min.jpg"},{"@type":"BreadcrumbList","@id":"https:\/\/www.aquapurtunisie.com\/en\/boiler\/commissioning-new-used\/#breadcrumb","itemListElement":[{"@type":"ListItem","position":1,"name":"Accueil","item":"https:\/\/www.aquapurtunisie.com\/en\/"},{"@type":"ListItem","position":2,"name":"Boiler","item":"https:\/\/www.aquapurtunisie.com\/en\/boiler\/"},{"@type":"ListItem","position":3,"name":"Commissioning New\/Used"}]},{"@type":"WebSite","@id":"https:\/\/www.aquapurtunisie.com\/en\/#website","url":"https:\/\/www.aquapurtunisie.com\/en\/","name":"AQUA PUR Tunisie","description":"Traitement des eaux en Tunisie","potentialAction":[{"@type":"SearchAction","target":{"@type":"EntryPoint","urlTemplate":"https:\/\/www.aquapurtunisie.com\/en\/?s={search_term_string}"},"query-input":"required name=search_term_string"}],"inLanguage":"en-US"}]}},"_links":{"self":[{"href":"https:\/\/www.aquapurtunisie.com\/en\/wp-json\/wp\/v2\/pages\/6800","targetHints":{"allow":["GET"]}}],"collection":[{"href":"https:\/\/www.aquapurtunisie.com\/en\/wp-json\/wp\/v2\/pages"}],"about":[{"href":"https:\/\/www.aquapurtunisie.com\/en\/wp-json\/wp\/v2\/types\/page"}],"author":[{"embeddable":true,"href":"https:\/\/www.aquapurtunisie.com\/en\/wp-json\/wp\/v2\/users\/1"}],"replies":[{"embeddable":true,"href":"https:\/\/www.aquapurtunisie.com\/en\/wp-json\/wp\/v2\/comments?post=6800"}],"version-history":[{"count":2,"href":"https:\/\/www.aquapurtunisie.com\/en\/wp-json\/wp\/v2\/pages\/6800\/revisions"}],"predecessor-version":[{"id":6802,"href":"https:\/\/www.aquapurtunisie.com\/en\/wp-json\/wp\/v2\/pages\/6800\/revisions\/6802"}],"up":[{"embeddable":true,"href":"https:\/\/www.aquapurtunisie.com\/en\/wp-json\/wp\/v2\/pages\/6787"}],"wp:attachment":[{"href":"https:\/\/www.aquapurtunisie.com\/en\/wp-json\/wp\/v2\/media?parent=6800"}],"curies":[{"name":"wp","href":"https:\/\/api.w.org\/{rel}","templated":true}]}}